{"id":486,"date":"2023-08-06T04:22:23","date_gmt":"2023-08-06T04:22:23","guid":{"rendered":"https:\/\/pushpacbseperiyapatna.com\/en\/?page_id=486"},"modified":"2023-08-22T19:51:04","modified_gmt":"2023-08-22T19:51:04","slug":"our-parton","status":"publish","type":"page","link":"https:\/\/pushpacbseperiyapatna.com\/en\/our-parton\/","title":{"rendered":"Our Parton"},"content":{"rendered":"\t\t<div data-elementor-type=\"wp-page\" data-elementor-id=\"486\" class=\"elementor elementor-486\">\n\t\t\t\t\t\t\t\t\t<section class=\"elementor-section elementor-top-section elementor-element elementor-element-64962ee elementor-section-boxed elementor-section-height-default elementor-section-height-default\" data-id=\"64962ee\" data-element_type=\"section\">\n\t\t\t\t\t\t<div class=\"elementor-container elementor-column-gap-default\">\n\t\t\t\t\t<div class=\"elementor-column elementor-col-100 elementor-top-column elementor-element elementor-element-deb0b43\" data-id=\"deb0b43\" data-element_type=\"column\">\n\t\t\t<div class=\"elementor-widget-wrap elementor-element-populated\">\n\t\t\t\t\t\t\t\t<div class=\"elementor-element elementor-element-930fa65 elementor-widget elementor-widget-heading\" data-id=\"930fa65\" data-element_type=\"widget\" data-widget_type=\"heading.default\">\n\t\t\t\t<div class=\"elementor-widget-container\">\n\t\t\t<style>\/*! elementor - v3.15.0 - 02-08-2023 *\/\n.elementor-heading-title{padding:0;margin:0;line-height:1}.elementor-widget-heading .elementor-heading-title[class*=elementor-size-]>a{color:inherit;font-size:inherit;line-height:inherit}.elementor-widget-heading .elementor-heading-title.elementor-size-small{font-size:15px}.elementor-widget-heading .elementor-heading-title.elementor-size-medium{font-size:19px}.elementor-widget-heading .elementor-heading-title.elementor-size-large{font-size:29px}.elementor-widget-heading .elementor-heading-title.elementor-size-xl{font-size:39px}.elementor-widget-heading .elementor-heading-title.elementor-size-xxl{font-size:59px}<\/style><h2 class=\"elementor-heading-title elementor-size-default\">Our Parton<\/h2>\t\t<\/div>\n\t\t\t\t<\/div>\n\t\t\t\t<div class=\"elementor-element elementor-element-245f4ed elementor-widget elementor-widget-text-editor\" data-id=\"245f4ed\" data-element_type=\"widget\" data-widget_type=\"text-editor.default\">\n\t\t\t\t<div class=\"elementor-widget-container\">\n\t\t\t<style>\/*! elementor - v3.15.0 - 02-08-2023 *\/\n.elementor-widget-text-editor.elementor-drop-cap-view-stacked .elementor-drop-cap{background-color:#69727d;color:#fff}.elementor-widget-text-editor.elementor-drop-cap-view-framed .elementor-drop-cap{color:#69727d;border:3px solid;background-color:transparent}.elementor-widget-text-editor:not(.elementor-drop-cap-view-default) .elementor-drop-cap{margin-top:8px}.elementor-widget-text-editor:not(.elementor-drop-cap-view-default) .elementor-drop-cap-letter{width:1em;height:1em}.elementor-widget-text-editor .elementor-drop-cap{float:left;text-align:center;line-height:1;font-size:50px}.elementor-widget-text-editor .elementor-drop-cap-letter{display:inline-block}<\/style>\t\t\t\t<p><a style=\"color: var(--secondary-c); text-align: center;\" href=\"#\">Home<\/a> \/ Our Parton<\/p>\t\t\t\t\t\t<\/div>\n\t\t\t\t<\/div>\n\t\t\t\t\t<\/div>\n\t\t<\/div>\n\t\t\t\t\t\t\t<\/div>\n\t\t<\/section>\n\t\t\t\t<section class=\"elementor-section elementor-top-section elementor-element elementor-element-273c610c elementor-reverse-tablet elementor-reverse-mobile elementor-section-boxed elementor-section-height-default elementor-section-height-default\" data-id=\"273c610c\" data-element_type=\"section\">\n\t\t\t\t\t\t<div class=\"elementor-container elementor-column-gap-default\">\n\t\t\t\t\t<div class=\"elementor-column elementor-col-50 elementor-top-column elementor-element elementor-element-4e84150 elementor-invisible\" data-id=\"4e84150\" data-element_type=\"column\" data-settings=\"{&quot;animation&quot;:&quot;fadeInRight&quot;}\">\n\t\t\t<div class=\"elementor-widget-wrap elementor-element-populated\">\n\t\t\t\t\t\t\t\t<div class=\"elementor-element elementor-element-ee00003 elementor-widget elementor-widget-image\" data-id=\"ee00003\" data-element_type=\"widget\" data-widget_type=\"image.default\">\n\t\t\t\t<div class=\"elementor-widget-container\">\n\t\t\t<style>\/*! elementor - v3.15.0 - 02-08-2023 *\/\n.elementor-widget-image{text-align:center}.elementor-widget-image a{display:inline-block}.elementor-widget-image a img[src$=\".svg\"]{width:48px}.elementor-widget-image img{vertical-align:middle;display:inline-block}<\/style>\t\t\t\t\t\t\t\t\t\t\t\t<img decoding=\"async\" width=\"769\" height=\"1024\" src=\"https:\/\/pushpacbseperiyapatna.com\/en\/wp-content\/uploads\/2023\/08\/sttheresedelisieux_full-769x1024.jpg\" class=\"attachment-large size-large wp-image-891\" alt=\"Saint Th\u00e9r\u00e8se of Lisieux serves as the patron of Pushpa English Medium School CBSE, Periya Patnal, inspiring its community with her profound devotion and compassion.\" loading=\"lazy\" srcset=\"https:\/\/pushpacbseperiyapatna.com\/en\/wp-content\/uploads\/2023\/08\/sttheresedelisieux_full-769x1024.jpg 769w, https:\/\/pushpacbseperiyapatna.com\/en\/wp-content\/uploads\/2023\/08\/sttheresedelisieux_full-225x300.jpg 225w, https:\/\/pushpacbseperiyapatna.com\/en\/wp-content\/uploads\/2023\/08\/sttheresedelisieux_full-768x1023.jpg 768w, https:\/\/pushpacbseperiyapatna.com\/en\/wp-content\/uploads\/2023\/08\/sttheresedelisieux_full.jpg 1000w\" sizes=\"(max-width: 769px) 100vw, 769px\" \/>\t\t\t\t\t\t\t\t\t\t\t\t\t\t\t<\/div>\n\t\t\t\t<\/div>\n\t\t\t\t\t<\/div>\n\t\t<\/div>\n\t\t\t\t<div class=\"elementor-column elementor-col-50 elementor-top-column elementor-element elementor-element-abe6d35 elementor-invisible\" data-id=\"abe6d35\" data-element_type=\"column\" data-settings=\"{&quot;animation&quot;:&quot;fadeInRight&quot;}\">\n\t\t\t<div class=\"elementor-widget-wrap elementor-element-populated\">\n\t\t\t\t\t\t\t\t<div class=\"elementor-element elementor-element-a17f8e7 elementor-widget elementor-widget-heading\" data-id=\"a17f8e7\" data-element_type=\"widget\" data-widget_type=\"heading.default\">\n\t\t\t\t<div class=\"elementor-widget-container\">\n\t\t\t<h3 class=\"elementor-heading-title elementor-size-default\">OUR PATRON<\/h3>\t\t<\/div>\n\t\t\t\t<\/div>\n\t\t\t\t<div class=\"elementor-element elementor-element-e86a83c elementor-widget elementor-widget-text-editor\" data-id=\"e86a83c\" data-element_type=\"widget\" data-widget_type=\"text-editor.default\">\n\t\t\t\t<div class=\"elementor-widget-container\">\n\t\t\t\t\t\t\t<p><span style=\"font-weight: 400;\">Saint Th\u00e9r\u00e8se of Lisieux, also known as Saint Th\u00e9r\u00e8se of the Child Jesus and the Holy Face, is a beloved patron of our school, and her life and teachings serve as an inspiration to our students and community.<\/span><\/p><p><span style=\"font-weight: 400;\">Saint Th\u00e9r\u00e8se was born in Alen\u00e7on, France, on January 2, 1873. From a young age, she displayed a deep love for God and a desire to dedicate her life to Him. At the age of fifteen, she entered the Carmelite convent in Lisieux, following her vocation to become a nun.<\/span><\/p><p><span style=\"font-weight: 400;\">Despite her brief life and humble existence, Saint Th\u00e9r\u00e8se&#8217;s spirituality and writings have left an indelible mark on the world. She is renowned for her &#8220;Little Way&#8221; &#8211; a simple and childlike approach to holiness, emphasizing love and trust in God in the midst of ordinary daily tasks. Saint Th\u00e9r\u00e8se found beauty and grace in the smallest acts of kindness and saw them as opportunities to draw closer to God.<\/span><\/p><p><span style=\"font-weight: 400;\">As the patron of our school, Saint Th\u00e9r\u00e8se reminds us to approach our studies and daily activities with love and dedication, seeking God in all things. We look to her example as we strive to foster an environment of kindness, compassion, and service within our school community.<\/span><\/p><p><span style=\"font-weight: 400;\">May Saint Th\u00e9r\u00e8se of Lisieux intercede for us, guiding us on our journey towards holiness, and may her prayers inspire us to follow the &#8220;Little Way&#8221; of love and trust in God, bringing joy and peace to our hearts and those around us.<\/span><\/p>\t\t\t\t\t\t<\/div>\n\t\t\t\t<\/div>\n\t\t\t\t\t<\/div>\n\t\t<\/div>\n\t\t\t\t\t\t\t<\/div>\n\t\t<\/section>\n\t\t\t\t<section class=\"elementor-section elementor-top-section elementor-element elementor-element-cdacdab elementor-section-boxed elementor-section-height-default elementor-section-height-default\" data-id=\"cdacdab\" data-element_type=\"section\">\n\t\t\t\t\t\t<div class=\"elementor-container elementor-column-gap-default\">\n\t\t\t\t\t<div class=\"elementor-column elementor-col-33 elementor-top-column elementor-element elementor-element-7a42a08\" data-id=\"7a42a08\" data-element_type=\"column\">\n\t\t\t<div class=\"elementor-widget-wrap\">\n\t\t\t\t\t\t\t\t\t<\/div>\n\t\t<\/div>\n\t\t\t\t<div class=\"elementor-column elementor-col-33 elementor-top-column elementor-element elementor-element-984fb34\" data-id=\"984fb34\" data-element_type=\"column\" data-settings=\"{&quot;background_background&quot;:&quot;classic&quot;}\">\n\t\t\t<div class=\"elementor-widget-wrap elementor-element-populated\">\n\t\t\t\t\t\t\t\t<div class=\"elementor-element elementor-element-71816ab elementor-widget elementor-widget-heading\" data-id=\"71816ab\" data-element_type=\"widget\" data-widget_type=\"heading.default\">\n\t\t\t\t<div class=\"elementor-widget-container\">\n\t\t\t<h4 class=\"elementor-heading-title elementor-size-default\">Have Questions? Contact Admissions Now!<\/h4>\t\t<\/div>\n\t\t\t\t<\/div>\n\t\t\t\t<div class=\"elementor-element elementor-element-fa50042 elementor-widget elementor-widget-rform\" data-id=\"fa50042\" data-element_type=\"widget\" data-widget_type=\"rform.default\">\n\t\t\t\t<div class=\"elementor-widget-container\">\n\t\t\t            <form id=\"rform\" data-form=\"260\">\r\n                <div class=\"require-login msg\">\r\n                    <div class=\"require-msg-body\">\r\n                        <svg xmlns=\"http:\/\/www.w3.org\/2000\/svg\" width=\"35\" height=\"35\" fill=\"#FF0000\" class=\"bi bi-exclamation-circle-fill\" viewBox=\"0 0 16 16\">\r\n                            <path d=\"M16 8A8 8 0 1 1 0 8a8 8 0 0 1 16 0zM8 4a.905.905 0 0 0-.9.995l.35 3.507a.552.552 0 0 0 1.1 0l.35-3.507A.905.905 0 0 0 8 4zm.002 6a1 1 0 1 0 0 2 1 1 0 0 0 0-2z\" \/>\r\n                        <\/svg>\r\n                        <div style=\"width: 100% ;\">\r\n                            <h5>Required Login<\/h5>\r\n                            Please Login for Submit Form.\r\n                        <\/div>\r\n                        <div>\r\n                            <a type=\"button\" class=\"close-msg\">Close<\/a>\r\n                        <\/div>\r\n                    <\/div>\r\n                <\/div>\r\n                <div class=\"success-submit msg\">\r\n                    <div class=\"success-body\">\r\n                        <svg xmlns=\"http:\/\/www.w3.org\/2000\/svg\" width=\"35\" height=\"35\" fill=\"#4CAF50\" class=\"bi bi-check-circle-fill\" viewBox=\"0 0 16 16\">\r\n                            <path d=\"M16 8A8 8 0 1 1 0 8a8 8 0 0 1 16 0zm-3.97-3.03a.75.75 0 0 0-1.08.022L7.477 9.417 5.384 7.323a.75.75 0 0 0-1.06 1.06L6.97 11.03a.75.75 0 0 0 1.079-.02l3.992-4.99a.75.75 0 0 0-.01-1.05z\" \/>\r\n                        <\/svg>\r\n                        <div style=\"width: 100%;\">\r\n                            <h5>Success<\/h5>\r\n                            Thank you! Form submitted successfully.                        <\/div>\r\n                        <div>\r\n                            <a type=\"button\" class=\"close-msg\">Close<\/a>\r\n                        <\/div>\r\n                    <\/div>\r\n                <\/div>\r\n                <style>.elementor-260 .elementor-element.elementor-element-155f57e .rform-label-input{margin:0px 0px 10px 0px;}.elementor-260 .elementor-element.elementor-element-155f57e .rform-error{text-align:left;}.elementor-260 .elementor-element.elementor-element-b080f78 .rform-label-input{margin:0px 0px 10px 0px;}.elementor-260 .elementor-element.elementor-element-b080f78 .rform-error{text-align:left;}.elementor-260 .elementor-element.elementor-element-73e9352 .rform-label-input{margin:0px 0px 10px 0px;}.elementor-260 .elementor-element.elementor-element-73e9352 .rform-error{text-align:left;}.elementor-260 .elementor-element.elementor-element-13998e7 .rform-label-input{margin:0px 0px 10px 0px;}.elementor-260 .elementor-element.elementor-element-13998e7 .rform-input{background-color:#FFFFFF00;}.elementor-260 .elementor-element.elementor-element-13998e7 .rform-error{text-align:left;}.elementor-260 .elementor-element.elementor-element-7680819 .rform-button-container{justify-content:start;}.elementor-260 .elementor-element.elementor-element-7680819 .rform-button-submit , .loading{background-color:#212C62;}.elementor-260 .elementor-element.elementor-element-7680819 .rform-button-submit:hover{color:#000000;}.elementor-260 .elementor-element.elementor-element-7680819 .rform-button-submit:hover , .loading:hover{background-color:#D29E30;}<\/style>\t\t<div data-elementor-type=\"wp-post\" data-elementor-id=\"260\" class=\"elementor elementor-260\">\n\t\t\t\t\t\t\t\t\t<section class=\"elementor-section elementor-top-section elementor-element elementor-element-dba0a14 elementor-section-boxed elementor-section-height-default elementor-section-height-default\" data-id=\"dba0a14\" data-element_type=\"section\">\n\t\t\t\t\t\t<div class=\"elementor-container elementor-column-gap-default\">\n\t\t\t\t\t<div class=\"elementor-column elementor-col-100 elementor-top-column elementor-element elementor-element-db82f3d\" data-id=\"db82f3d\" data-element_type=\"column\">\n\t\t\t<div class=\"elementor-widget-wrap elementor-element-populated\">\n\t\t\t\t\t\t\t\t<div class=\"elementor-element elementor-element-155f57e elementor-widget elementor-widget-text\" data-id=\"155f57e\" data-element_type=\"widget\" data-widget_type=\"text.default\">\n\t\t\t\t<div class=\"elementor-widget-container\">\n\t\t\t        <div class=\"rform-container\">\r\n            <div class=\"rform-control rform-label-top\">\r\n                                    <label class=\"rform-label-input\" for=\"rform-input-text-22410622\">\r\n                        Name                        <span> * <\/span>                    <\/label>\r\n                                <input name=\"rform-name\" placeholder=\"Enter your name\" class=\"rform-input\" id=\"rform-input-text-22410622\" type=\"text\" onblur=\"validate_input( 'rform-input-text-' , 'rform-input-err-' ,'22410622')\" aria-invalid=false data-val=\"by_char\"   required>\r\n            <\/div>\r\n            <span role=\"alert\" class=\"rform-error\" id=\"rform-input-err-22410622\">This field is required<\/span>\r\n            <div class=\"rform-help-text\">\r\n                <span><\/span>\r\n            <\/div>\r\n        <\/div>\r\n\t\t<\/div>\n\t\t\t\t<\/div>\n\t\t\t\t<div class=\"elementor-element elementor-element-b080f78 elementor-widget elementor-widget-text\" data-id=\"b080f78\" data-element_type=\"widget\" data-widget_type=\"text.default\">\n\t\t\t\t<div class=\"elementor-widget-container\">\n\t\t\t        <div class=\"rform-container\">\r\n            <div class=\"rform-control rform-label-top\">\r\n                                    <label class=\"rform-label-input\" for=\"rform-input-text-185077624\">\r\n                        Phone                        <span> * <\/span>                    <\/label>\r\n                                <input name=\"rform-phone\" placeholder=\"Enter phone\" class=\"rform-input\" id=\"rform-input-text-185077624\" type=\"text\" onblur=\"validate_input( 'rform-input-text-' , 'rform-input-err-' ,'185077624')\" aria-invalid=false data-val=\"by_char\"   required>\r\n            <\/div>\r\n            <span role=\"alert\" class=\"rform-error\" id=\"rform-input-err-185077624\">This field is required<\/span>\r\n            <div class=\"rform-help-text\">\r\n                <span><\/span>\r\n            <\/div>\r\n        <\/div>\r\n\t\t<\/div>\n\t\t\t\t<\/div>\n\t\t\t\t<div class=\"elementor-element elementor-element-73e9352 elementor-widget elementor-widget-text\" data-id=\"73e9352\" data-element_type=\"widget\" data-widget_type=\"text.default\">\n\t\t\t\t<div class=\"elementor-widget-container\">\n\t\t\t        <div class=\"rform-container\">\r\n            <div class=\"rform-control rform-label-top\">\r\n                                    <label class=\"rform-label-input\" for=\"rform-input-text-121541458\">\r\n                        Subject                                            <\/label>\r\n                                <input name=\"rform-sub\" placeholder=\"Enter Subject\" class=\"rform-input\" id=\"rform-input-text-121541458\" type=\"text\" onblur=\"validate_input( 'rform-input-text-' , 'rform-input-err-' ,'121541458')\" aria-invalid=false data-val=\"by_char\"   >\r\n            <\/div>\r\n            <span role=\"alert\" class=\"rform-error\" id=\"rform-input-err-121541458\">This field is required<\/span>\r\n            <div class=\"rform-help-text\">\r\n                <span><\/span>\r\n            <\/div>\r\n        <\/div>\r\n\t\t<\/div>\n\t\t\t\t<\/div>\n\t\t\t\t<div class=\"elementor-element elementor-element-13998e7 elementor-widget elementor-widget-text-area\" data-id=\"13998e7\" data-element_type=\"widget\" data-widget_type=\"text-area.default\">\n\t\t\t\t<div class=\"elementor-widget-container\">\n\t\t\t        <div class=\"rform-container\">\r\n            <div class=\"rform-control rform-label-top\">\r\n                                    <label class=\"rform-label-input\" for=\"rform-input-textarea-20551911\">\r\n                        Message                                            <\/label>\r\n                                <textarea name=\"rform-message \" placeholder=\"Enter Message\" class=\"rform-input\" id=\"rform-input-textarea-20551911\" type=\"text\" onblur=\"validate_input( 'rform-input-textarea-' , 'rform-input-err-' ,'20551911')\" aria-invalid=false data-val=\"by_char\"   ><\/textarea>\r\n            <\/div>\r\n            <span role=\"alert\" class=\"rform-error\" id=\"rform-input-err-20551911\">This field is required<\/span>\r\n            <div class=\"rform-help-text\">\r\n                <span><\/span>\r\n            <\/div>\r\n        <\/div>\r\n\t\t<\/div>\n\t\t\t\t<\/div>\n\t\t\t\t<div class=\"elementor-element elementor-element-7680819 elementor-widget elementor-widget-rform_button_submit\" data-id=\"7680819\" data-element_type=\"widget\" data-widget_type=\"rform_button_submit.default\">\n\t\t\t\t<div class=\"elementor-widget-container\">\n\t\t\t        <div class=\"rform-button-container\">\r\n            <button class=\"rform-button-submit \" type=\"button\" id=\"rform-button-submit\">\r\n                                Submit                                <div class=\"loading\">\r\n                    <div id=\"loading\"><\/div>\r\n                <\/div>\r\n            <\/button>\r\n        <\/div>\r\n\r\n\r\n\t\t<\/div>\n\t\t\t\t<\/div>\n\t\t\t\t\t<\/div>\n\t\t<\/div>\n\t\t\t\t\t\t\t<\/div>\n\t\t<\/section>\n\t\t\t\t\t\t\t<\/div>\n\t\t            <\/form>\r\n            \t\t<\/div>\n\t\t\t\t<\/div>\n\t\t\t\t\t<\/div>\n\t\t<\/div>\n\t\t\t\t<div class=\"elementor-column elementor-col-33 elementor-top-column elementor-element elementor-element-5d9e0c7\" data-id=\"5d9e0c7\" data-element_type=\"column\">\n\t\t\t<div class=\"elementor-widget-wrap\">\n\t\t\t\t\t\t\t\t\t<\/div>\n\t\t<\/div>\n\t\t\t\t\t\t\t<\/div>\n\t\t<\/section>\n\t\t\t\t\t\t\t<\/div>\n\t\t","protected":false},"excerpt":{"rendered":"<p>Our Parton Home \/ Our Parton OUR PATRON Saint Th\u00e9r\u00e8se of Lisieux, also known as Saint Th\u00e9r\u00e8se of the Child Jesus and the Holy Face, is a beloved patron of our school, and her life and teachings serve as an inspiration to our students and community. Saint Th\u00e9r\u00e8se was born in Alen\u00e7on, France, on January &#8230; <a title=\"Our Parton\" class=\"read-more\" href=\"https:\/\/pushpacbseperiyapatna.com\/en\/our-parton\/\" aria-label=\"More on Our Parton\">Read more<\/a><\/p>\n","protected":false},"author":1,"featured_media":0,"parent":0,"menu_order":0,"comment_status":"closed","ping_status":"closed","template":"","meta":[],"_links":{"self":[{"href":"https:\/\/pushpacbseperiyapatna.com\/en\/wp-json\/wp\/v2\/pages\/486"}],"collection":[{"href":"https:\/\/pushpacbseperiyapatna.com\/en\/wp-json\/wp\/v2\/pages"}],"about":[{"href":"https:\/\/pushpacbseperiyapatna.com\/en\/wp-json\/wp\/v2\/types\/page"}],"author":[{"embeddable":true,"href":"https:\/\/pushpacbseperiyapatna.com\/en\/wp-json\/wp\/v2\/users\/1"}],"replies":[{"embeddable":true,"href":"https:\/\/pushpacbseperiyapatna.com\/en\/wp-json\/wp\/v2\/comments?post=486"}],"version-history":[{"count":19,"href":"https:\/\/pushpacbseperiyapatna.com\/en\/wp-json\/wp\/v2\/pages\/486\/revisions"}],"predecessor-version":[{"id":919,"href":"https:\/\/pushpacbseperiyapatna.com\/en\/wp-json\/wp\/v2\/pages\/486\/revisions\/919"}],"wp:attachment":[{"href":"https:\/\/pushpacbseperiyapatna.com\/en\/wp-json\/wp\/v2\/media?parent=486"}],"curies":[{"name":"wp","href":"https:\/\/api.w.org\/{rel}","templated":true}]}}